{"id":4111,"date":"2025-03-24T18:11:37","date_gmt":"2025-03-24T17:11:37","guid":{"rendered":"https:\/\/ruralsuite.com\/reserver-hotel\/"},"modified":"2025-05-09T18:07:15","modified_gmt":"2025-05-09T16:07:15","slug":"reserver-hotel","status":"publish","type":"page","link":"https:\/\/ruralsuite.com\/fr\/reserver-hotel\/","title":{"rendered":"R\u00e9server un h\u00f4tel"},"content":{"rendered":"\t\t<div data-elementor-type=\"wp-page\" data-elementor-id=\"4111\" class=\"elementor elementor-4111 elementor-150\" data-elementor-post-type=\"page\">\n\t\t\t\t<div data-dce-background-image-url=\"https:\/\/ruralsuite.com\/wp-content\/uploads\/2025\/04\/exteriores07.jpg\" class=\"elementor-element elementor-element-bc1c2e0 e-con-full e-flex e-con e-parent\" data-id=\"bc1c2e0\" data-element_type=\"container\" data-e-type=\"container\" data-settings=\"{&quot;background_background&quot;:&quot;classic&quot;}\">\n\t\t<div class=\"elementor-element elementor-element-2e32cde e-con-full e-flex e-con e-child\" data-id=\"2e32cde\" data-element_type=\"container\" data-e-type=\"container\">\n\t\t\t\t<div data-dce-title-color=\"#FFFFFC\" class=\"elementor-element elementor-element-a8b2047 elementor-widget elementor-widget-heading\" data-id=\"a8b2047\" data-element_type=\"widget\" data-e-type=\"widget\" data-widget_type=\"heading.default\">\n\t\t\t\t<div class=\"elementor-widget-container\">\n\t\t\t\t\t<h1 class=\"elementor-heading-title elementor-size-default\">R\u00e9server un h\u00f4tel  En Navarre<\/h1>\t\t\t\t<\/div>\n\t\t\t\t<\/div>\n\t\t\t\t<div class=\"elementor-element elementor-element-54d70fa elementor-widget elementor-widget-heading\" data-id=\"54d70fa\" data-element_type=\"widget\" data-e-type=\"widget\" data-widget_type=\"heading.default\">\n\t\t\t\t<div class=\"elementor-widget-container\">\n\t\t\t\t\t<p class=\"elementor-heading-title elementor-size-default\">Garantie du meilleur prix<\/p>\t\t\t\t<\/div>\n\t\t\t\t<\/div>\n\t\t\t\t<\/div>\n\t\t\t\t<\/div>\n\t\t<div data-dce-background-color=\"#F6F6F6\" class=\"elementor-element elementor-element-9b27139 e-con-full e-flex e-con e-parent\" data-id=\"9b27139\" data-element_type=\"container\" data-e-type=\"container\" data-settings=\"{&quot;background_background&quot;:&quot;classic&quot;}\">\n\t\t\t\t<div class=\"elementor-element elementor-element-0416940 elementor-widget__width-inherit elementor-widget elementor-widget-shortcode\" data-id=\"0416940\" data-element_type=\"widget\" data-e-type=\"widget\" data-widget_type=\"shortcode.default\">\n\t\t\t\t<div class=\"elementor-widget-container\">\n\t\t\t\t\t\t\t<div class=\"elementor-shortcode\">\n<!-- MISTERPLAN PLUGIN 1.1.44-->\n<!-- MISTERPLAN PLUGIN MOTOR TIPO 1 ID ELEMENTO 576918 DESTINO 1 PV 6150-->\n    <script nowprocket async type=\"text\/javascript\" src=\"https:\/\/www.mrplan.es\/experiencias\/modulos\/TWidget\/lib\/TWidgetInc.php?id_casa=576918&source_plugin=MrPlanPlugin&web_plugin=https%3A%2F%2Fruralsuite.com%2Ffr%2Freserver-hotel%2F&cod_habitacion=571136-143\"><\/script>\n<div id=\"MrPlanPlugin_MotorScript\"><\/div>\n<div class=\"MrPlanPlugin_MotorContainer MrPlanPlugin_MotorContainer_1\" style=\"max-width:1540px;\">\n\n\t<div nowprocket id=\"TEwsBuscadorB-1-1-576918-\" \n\t\tclass=\"TEwsWidgetInc capa_izq ancho_total\"\n\t\tTEws_id_idioma=\"3\"\n        url_confirmacion=\"https:\/\/ruralsuite.com\/confirmacion-de-reserva\/\"\t\t\n        TEws_id_elemento=\"576918\"\n        TEws_tipo_elemento=\"1\"\n        TEws_Hash=\"7505938c9bc09007d5d84f23016dde07847f0e04\"\n        TEws_id_destino=\"1\"\n        TEws_id_puntoventa=\"6150\"\n        TEws_autoload=\"0\"\n        TEws_fecha_ini=\"\"\n        TEws_n_noches=\"1\"\n        TEws_visualFilterOccupancy=\"\" \n        w_contenido=\"completa\"\n\t\tBudgetV=\"2\" \n        mini_preview_V=\"2\" \n        TEws_onSearch=\"\" \n        TEws_version=\"12\" \n        TEws_tipo_widget=\"1\" \n        BV7_tipo_inicio=\"0\" \n        BV7_cambio_inicio=\"0\" \n        TEws_quitar_cabecera=\"0\" \n        TEws_iniciar_cerrado=\"0\" \n        TEws_bus_texto=\"0\" \n        TEws_sel_dispo=\"1\" \n        TEws_form_contacto=\"0\"  \n        TEws_result_in_esl=\"0\" \n        TEws_result_in_ext=\"0\" \n        TEws_cerrar_buscar=\"0\" \n        TEws_ver_resto_casas=\"0\" \n        TEws_activar_mas_menos=\"1\" \n        TEws_posicion=\"original\" \n        TEws_formato=\"2\" \n        TEws_formato_ficha=\"10\" \n        TEws_CoreSearch_V=\"7\"  \n        TEws_id_categoria=\"0\" \n        TEws_modo=\"RES\"  \n        TEws_radio=\"0\"\n        TEsw_filtro_exp=\"\" \n        TEws_filtro_casa=\"\" \n                TEws_cod_habitacion=\"576918-0\"\n                TEwsResultadoCoreSearch=\"TEwsResultCoreSearch-1-1-576918-\" \n        alt=\"MisterPlan  - Powered by RuralGest  - http:\/\/www.misterplan.es\" \n\t\ttitle_NO=\"MisterPlan  - Powered by RuralGest \"\n\t>\n        <div class=\"TMrPlanPlugin_Loading\">\n            <img decoding=\"async\" src=\"https:\/\/ruralsuite.com\/wp-content\/plugins\/misterplan\/assets\/images\/loading.svg\">\n        <\/div>\n    <\/div>\n    <div id=\"TEwsResultCoreSearch-1-1-576918-\" class=\"capa_izq TEwsBuscador_Experiencias_evnt\" style=\"width: 100%; margin-top: 20px;\" ><\/div> \n<\/div>\n<\/div>\n\t\t\t\t\t\t<\/div>\n\t\t\t\t<\/div>\n\t\t\t\t<div class=\"elementor-element elementor-element-a0285f1 elementor-widget elementor-widget-n-accordion\" data-id=\"a0285f1\" data-element_type=\"widget\" data-e-type=\"widget\" data-settings=\"{&quot;default_state&quot;:&quot;all_collapsed&quot;,&quot;max_items_expended&quot;:&quot;one&quot;,&quot;n_accordion_animation_duration&quot;:{&quot;unit&quot;:&quot;ms&quot;,&quot;size&quot;:400,&quot;sizes&quot;:[]}}\" data-widget_type=\"nested-accordion.default\">\n\t\t\t\t<div class=\"elementor-widget-container\">\n\t\t\t\t\t\t\t<div class=\"e-n-accordion\" aria-label=\"Accordion. Open links with Enter or Space, close with Escape, and navigate with Arrow Keys\">\n\t\t\t\t\t\t<details id=\"e-n-accordion-item-1670\" class=\"e-n-accordion-item\" >\n\t\t\t\t<summary class=\"e-n-accordion-item-title\" data-accordion-index=\"1\" tabindex=\"0\" aria-expanded=\"false\" aria-controls=\"e-n-accordion-item-1670\" >\n\t\t\t\t\t<span class='e-n-accordion-item-title-header'><div class=\"e-n-accordion-item-title-text\"> Conditions d\u2019annulation <\/div><\/span>\n\t\t\t\t\t\t\t<span class='e-n-accordion-item-title-icon'>\n\t\t\t<span class='e-opened' ><i aria-hidden=\"true\" class=\"fas fa-minus\"><\/i><\/span>\n\t\t\t<span class='e-closed'><i aria-hidden=\"true\" class=\"fas fa-plus\"><\/i><\/span>\n\t\t<\/span>\n\n\t\t\t\t\t\t<\/summary>\n\t\t\t\t<div role=\"region\" aria-labelledby=\"e-n-accordion-item-1670\" class=\"elementor-element elementor-element-491e059 e-con-full e-flex e-con e-child\" data-id=\"491e059\" data-element_type=\"container\" data-e-type=\"container\">\n\t\t\t\t<div class=\"elementor-element elementor-element-5f55c36 elementor-widget elementor-widget-heading\" data-id=\"5f55c36\" data-element_type=\"widget\" data-e-type=\"widget\" data-widget_type=\"heading.default\">\n\t\t\t\t<div class=\"elementor-widget-container\">\n\t\t\t\t\t<p class=\"elementor-heading-title elementor-size-default\">Tarif flexible<\/p>\t\t\t\t<\/div>\n\t\t\t\t<\/div>\n\t\t\t\t<div class=\"elementor-element elementor-element-27513e6 elementor-widget elementor-widget-text-editor\" data-id=\"27513e6\" data-element_type=\"widget\" data-e-type=\"widget\" data-widget_type=\"text-editor.default\">\n\t\t\t\t<div class=\"elementor-widget-container\">\n\t\t\t\t\t\t\t\t\t<ul>\n<li>En cas d\u2019annulation jusqu\u2019\u00e0 7 jours avant l\u2019arriv\u00e9e : Aucun frais d\u2019annulation.<\/li>\n<li>En cas d\u2019annulation entre 7 jours et 24 heures avant l\u2019arriv\u00e9e : La premi\u00e8re nuit sera factur\u00e9e \u00e0 titre de frais d\u2019annulation.<\/li>\n<li>En cas d\u2019annulation \u00e0 moins de 24 heures de l\u2019arriv\u00e9e ou en cas de non-pr\u00e9sentation : 100 % du montant total de la r\u00e9servation sera factur\u00e9.<\/li>\n<li>R\u00e9servations de groupes : conditions d\u2019annulation sp\u00e9ciales, nous consulter.<\/li>\n<\/ul>\n<p>&nbsp;<\/p>\n\t\t\t\t\t\t\t\t<\/div>\n\t\t\t\t<\/div>\n\t\t\t\t<div class=\"elementor-element elementor-element-d135f95 elementor-widget elementor-widget-heading\" data-id=\"d135f95\" data-element_type=\"widget\" data-e-type=\"widget\" data-widget_type=\"heading.default\">\n\t\t\t\t<div class=\"elementor-widget-container\">\n\t\t\t\t\t<p class=\"elementor-heading-title elementor-size-default\">Tarif non remboursable<\/p>\t\t\t\t<\/div>\n\t\t\t\t<\/div>\n\t\t\t\t<div class=\"elementor-element elementor-element-4d9dc57 elementor-widget elementor-widget-text-editor\" data-id=\"4d9dc57\" data-element_type=\"widget\" data-e-type=\"widget\" data-widget_type=\"text-editor.default\">\n\t\t\t\t<div class=\"elementor-widget-container\">\n\t\t\t\t\t\t\t\t\t<ul>\n<li>Le tarif non remboursable doit \u00eatre pay\u00e9 en totalit\u00e9 \u00e0 l&#8217;avance, sans possibilit\u00e9 d\u2019annulation ni de remboursement.<\/li>\n<\/ul>\n<p>&nbsp;<\/p>\n\t\t\t\t\t\t\t\t<\/div>\n\t\t\t\t<\/div>\n\t\t\t\t<\/div>\n\t\t\t\t\t<\/details>\n\t\t\t\t\t<\/div>\n\t\t\t\t\t\t<\/div>\n\t\t\t\t<\/div>\n\t\t\t\t<\/div>\n\t\t<div class=\"elementor-element elementor-element-589fe2c e-flex e-con-boxed e-con e-parent\" data-id=\"589fe2c\" data-element_type=\"container\" data-e-type=\"container\">\n\t\t\t\t\t<div class=\"e-con-inner\">\n\t\t<div class=\"elementor-element elementor-element-6f89238 e-con-full e-flex e-con e-child\" data-id=\"6f89238\" data-element_type=\"container\" data-e-type=\"container\">\n\t\t\t\t<div class=\"elementor-element elementor-element-1545b24 elementor-widget__width-initial elementor-widget elementor-widget-heading\" data-id=\"1545b24\" data-element_type=\"widget\" data-e-type=\"widget\" data-widget_type=\"heading.default\">\n\t\t\t\t<div class=\"elementor-widget-container\">\n\t\t\t\t\t<h2 class=\"elementor-heading-title elementor-size-default\">R\u00e9servez chez RuralSuite<\/h2>\t\t\t\t<\/div>\n\t\t\t\t<\/div>\n\t\t\t\t<\/div>\n\t\t<div class=\"elementor-element elementor-element-cfa1256 e-con-full e-flex e-con e-child\" data-id=\"cfa1256\" data-element_type=\"container\" data-e-type=\"container\" data-settings=\"{&quot;background_background&quot;:&quot;classic&quot;}\">\n\t\t\t\t<div class=\"elementor-element elementor-element-e860246 elementor-widget elementor-widget-heading\" data-id=\"e860246\" data-element_type=\"widget\" data-e-type=\"widget\" data-widget_type=\"heading.default\">\n\t\t\t\t<div class=\"elementor-widget-container\">\n\t\t\t\t\t<p class=\"elementor-heading-title elementor-size-default\">Une exp\u00e9rience unique dans le sud de la Navarre\n<\/p>\t\t\t\t<\/div>\n\t\t\t\t<\/div>\n\t\t\t\t<div class=\"elementor-element elementor-element-422db4c elementor-widget__width-inherit elementor-widget elementor-widget-text-editor\" data-id=\"422db4c\" data-element_type=\"widget\" data-e-type=\"widget\" data-widget_type=\"text-editor.default\">\n\t\t\t\t<div class=\"elementor-widget-container\">\n\t\t\t\t\t\t\t\t\t<p>Chez Ruralsuite, nous vous offrons bien plus qu\u2019un endroit o\u00f9 dormir&nbsp;: nous vous donnons le point de d\u00e9part id\u00e9al pour d\u00e9couvrir le sud de la Navarre. Notre appart\u2019h\u00f4tel est situ\u00e9 \u00e0 Cascante, \u00e0 quelques minutes de Tudela et du parc naturel des Bardenas Reales, et dispose d\u2019appartements spacieux, confortables et enti\u00e8rement \u00e9quip\u00e9s. <\/p><p>Nous sommes un h\u00e9bergement id\u00e9al pour les familles, les couples ou les voyageurs \u00e0 la recherche de tranquillit\u00e9, de nature et d\u2019activit\u00e9s uniques sans sacrifier le confort. La r\u00e9servation avec nous est facile, rapide et sans interm\u00e9diaire. Avec une annulation flexible et une attention personnalis\u00e9e d\u00e8s le premier instant.  <\/p>\t\t\t\t\t\t\t\t<\/div>\n\t\t\t\t<\/div>\n\t\t\t\t<\/div>\n\t\t\t\t\t<\/div>\n\t\t\t\t<\/div>\n\t\t<div class=\"elementor-element elementor-element-e184e17 e-flex e-con-boxed e-con e-parent\" data-id=\"e184e17\" data-element_type=\"container\" data-e-type=\"container\" data-settings=\"{&quot;background_background&quot;:&quot;classic&quot;}\">\n\t\t\t\t\t<div class=\"e-con-inner\">\n\t\t<div class=\"elementor-element elementor-element-e92df93 e-con-full e-flex e-con e-child\" data-id=\"e92df93\" data-element_type=\"container\" data-e-type=\"container\">\n\t\t\t\t<div class=\"elementor-element elementor-element-f258aff elementor-widget__width-initial elementor-widget-mobile__width-inherit elementor-widget elementor-widget-heading\" data-id=\"f258aff\" data-element_type=\"widget\" data-e-type=\"widget\" data-widget_type=\"heading.default\">\n\t\t\t\t<div class=\"elementor-widget-container\">\n\t\t\t\t\t<h2 class=\"elementor-heading-title elementor-size-default\">Vous avez des questions avant de faire votre r\u00e9servation ?<\/h2>\t\t\t\t<\/div>\n\t\t\t\t<\/div>\n\t\t\t\t<div class=\"elementor-element elementor-element-695f64e elementor-widget-mobile__width-inherit elementor-widget elementor-widget-heading\" data-id=\"695f64e\" data-element_type=\"widget\" data-e-type=\"widget\" data-widget_type=\"heading.default\">\n\t\t\t\t<div class=\"elementor-widget-container\">\n\t\t\t\t\t<p class=\"elementor-heading-title elementor-size-default\">Nous y r\u00e9pondons<\/p>\t\t\t\t<\/div>\n\t\t\t\t<\/div>\n\t\t\t\t<\/div>\n\t\t\t\t<div class=\"elementor-element elementor-element-22f16dc elementor-mobile-align-center elementor-widget elementor-widget-button\" data-id=\"22f16dc\" data-element_type=\"widget\" data-e-type=\"widget\" data-widget_type=\"button.default\">\n\t\t\t\t<div class=\"elementor-widget-container\">\n\t\t\t\t\t\t\t\t\t<div class=\"elementor-button-wrapper\">\n\t\t\t\t\t<a class=\"elementor-button elementor-button-link elementor-size-sm\" href=\"https:\/\/ruralsuite.com\/fr\/contact\/\">\n\t\t\t\t\t\t<span class=\"elementor-button-content-wrapper\">\n\t\t\t\t\t\t\t\t\t<span class=\"elementor-button-text\">contact<\/span>\n\t\t\t\t\t<\/span>\n\t\t\t\t\t<\/a>\n\t\t\t\t<\/div>\n\t\t\t\t\t\t\t\t<\/div>\n\t\t\t\t<\/div>\n\t\t\t\t\t<\/div>\n\t\t\t\t<\/div>\n\t\t\t\t<\/div>\n\t\t","protected":false},"excerpt":{"rendered":"<p>Garantie du meilleur prix Conditions d\u2019annulation Tarif flexible Tarif non remboursable Tarif flexible Tarif non remboursable R\u00e9servez chez RuralSuite Une exp\u00e9rience unique dans le sud de la Navarre Chez Ruralsuite, nous vous offrons bien plus qu\u2019un endroit o\u00f9 dormir&nbsp;: nous vous donnons le point de d\u00e9part id\u00e9al pour d\u00e9couvrir le sud de la Navarre. Notre [&hellip;]<\/p>\n","protected":false},"author":1,"featured_media":3952,"parent":0,"menu_order":0,"comment_status":"closed","ping_status":"closed","template":"","meta":{"_acf_changed":false,"_joinchat":[],"footnotes":""},"class_list":["post-4111","page","type-page","status-publish","has-post-thumbnail","hentry"],"acf":[],"_links":{"self":[{"href":"https:\/\/ruralsuite.com\/fr\/wp-json\/wp\/v2\/pages\/4111","targetHints":{"allow":["GET"]}}],"collection":[{"href":"https:\/\/ruralsuite.com\/fr\/wp-json\/wp\/v2\/pages"}],"about":[{"href":"https:\/\/ruralsuite.com\/fr\/wp-json\/wp\/v2\/types\/page"}],"author":[{"embeddable":true,"href":"https:\/\/ruralsuite.com\/fr\/wp-json\/wp\/v2\/users\/1"}],"replies":[{"embeddable":true,"href":"https:\/\/ruralsuite.com\/fr\/wp-json\/wp\/v2\/comments?post=4111"}],"version-history":[{"count":0,"href":"https:\/\/ruralsuite.com\/fr\/wp-json\/wp\/v2\/pages\/4111\/revisions"}],"wp:featuredmedia":[{"embeddable":true,"href":"https:\/\/ruralsuite.com\/fr\/wp-json\/wp\/v2\/media\/3952"}],"wp:attachment":[{"href":"https:\/\/ruralsuite.com\/fr\/wp-json\/wp\/v2\/media?parent=4111"}],"curies":[{"name":"wp","href":"https:\/\/api.w.org\/{rel}","templated":true}]}}